{"id":88628,"date":"2024-11-07T19:35:29","date_gmt":"2024-11-07T17:35:29","guid":{"rendered":"https:\/\/stud.soon-online.de\/?page_id=88628"},"modified":"2024-12-10T05:56:08","modified_gmt":"2024-12-10T03:56:08","slug":"soundwalk","status":"publish","type":"page","link":"https:\/\/www.studentendorf.berlin\/de\/soundwalk\/","title":{"rendered":"Willkommen beim Soundwalk des Studentendorfs Schlachtensee!"},"content":{"rendered":"\n<p>Tauchen Sie ein in die Geschichte und Architektur dieses einzigartigen Ortes. Als nationales Kulturdenkmal spiegelt das Dorf die Lebenswelten mehrerer Studierenden-Generationen und erz\u00e4hlt als Ort deutscher Demokratiegeschichte zugleich ein St\u00fcck deutscher Geschichte.<\/p>\n\n\n\n<p>Entdecken Sie, wie an diesem Ort Geschichte, Architektur und Gemeinschaft auf besondere Weise zusammenfinden. Viel Freude beim H\u00f6ren!<\/p>\n\n\n\n<article class=\"stu-podcast-list\">\n        <div class=\"stu-podcast-list__inside\">\n        <ul>\n            <li class=\"stu-podcast-list__item\" id=\"folge-1-gemeinschaft\">\n        <div class=\"stu-podcast-list__item__inside\">\n            <h3 title=\"folge-1-gemeinschaft\"><a href=\"#folge-1-gemeinschaft\">Folge 1: Gemeinschaft<\/a><\/h3>\n            <div class=\"stu-podcast-list__item__image\"><img decoding=\"async\" src=\"https:\/\/www.studentendorf.berlin\/wp-content\/uploads\/2024\/11\/Bild-Gemeinschaft-.jpg\" alt=\"\"><\/div>\n            <div class=\"stu-podcast-list__item__content\">\n                <div class=\"stu-podcast-list__item__text\">Die erste Folge dreht sich um das, was diesen Ort ausmacht, das, was die Architekten mit der Form der Geb\u00e4ude zu fassen versuchten, zu f\u00f6rdern und zu pflegen - und was gleichzeitig lebendig, wechselhaft und schwer bestimmbar ist: die Gemeinschaft. Was macht die Gemeinschaft des Studentendorfes Schlachtensee aus? Wie entwickelte sie sich an diesem Ort? Und welche Rolle spielen dabei Organigramme?<\/div>\n                <div class=\"stu-podcast-list__item__mp3\"><audio controls class=\"podcast-audio\"><source src=\"https:\/\/www.studentendorf.berlin\/wp-content\/uploads\/2024\/11\/001_220601_Podcast_Studentendorf_Schlachtensee_DE.mp3\" type=\"audio\/mpeg\"><\/audio><\/div>\n            <\/div>\n        <\/div>\n    <\/li><li class=\"stu-podcast-list__item\" id=\"folge-2-genossenschaftsgruendung\">\n        <div class=\"stu-podcast-list__item__inside\">\n            <h3 title=\"folge-2-genossenschaftsgruendung\"><a href=\"#folge-2-genossenschaftsgruendung\">Folge 2:  Genossenschaftsgr\u00fcndung<\/a><\/h3>\n            <div class=\"stu-podcast-list__item__image\"><img decoding=\"async\" src=\"https:\/\/www.studentendorf.berlin\/wp-content\/uploads\/2024\/12\/2-Genossenschaftsgrundung-Hardt-Waltherr-Hamer-30.09.2002-Foto-StdS.jpg\" alt=\"\"><\/div>\n            <div class=\"stu-podcast-list__item__content\">\n                <div class=\"stu-podcast-list__item__text\">Die zweite Folge erz\u00e4hlt die Geschichte einer Wiedergeburt: Ende der 1990er Jahre stand das Studentendorf kurz vor dem Abriss. Das traditionsreiche Wohnprojekt war weitgehend leer gezogen und sollte verkauft werden. Doch eine kleine Gruppe engagierter Studierender und Ehemaliger beschloss, das Dorf zu retten. Sie setzten alle Hebel in Bewegung und gr\u00fcndeten eine Genossenschaft. Wir sprechen \u00fcber die Vorgeschichte, die Herausforderungen und den Mut, der dazu n\u00f6tig war. Wie schafften sie es, die Finanzierung auf die Beine zu stellen und die Verwaltung zu \u00fcbernehmen?<\/div>\n                <div class=\"stu-podcast-list__item__mp3\"><audio controls class=\"podcast-audio\"><source src=\"https:\/\/www.studentendorf.berlin\/wp-content\/uploads\/2024\/11\/002_230507_StdS_Station02_Genossenschaftsgrundung_DE.mp3\" type=\"audio\/mpeg\"><\/audio><\/div>\n            <\/div>\n        <\/div>\n    <\/li><li class=\"stu-podcast-list__item\" id=\"folge-3-das-studentendorf-als-ikone-der-nachkriegsmoderne\">\n        <div class=\"stu-podcast-list__item__inside\">\n            <h3 title=\"folge-3-das-studentendorf-als-ikone-der-nachkriegsmoderne\"><a href=\"#folge-3-das-studentendorf-als-ikone-der-nachkriegsmoderne\">Folge 3: Das Studentendorf als Ikone der Nachkriegsmoderne<\/a><\/h3>\n            <div class=\"stu-podcast-list__item__image\"><img decoding=\"async\" src=\"https:\/\/www.studentendorf.berlin\/wp-content\/uploads\/2024\/11\/IMG-20241118-WA0008.jpg\" alt=\"\"><\/div>\n            <div class=\"stu-podcast-list__item__content\">\n                <div class=\"stu-podcast-list__item__text\">Das Studentendorf Schlachtensee gilt als Ikone der Nachkriegsmoderne. Die Architekten Gogel, Fehling, Pfankuch schufen mit gro\u00dfer Sorgfalt einen Raum, der weit mehr ist als eine Wohnanlage. Die Gestaltung f\u00f6rdert das Gemeinschaftsleben und folgt dem Prinzip des flie\u00dfenden Raumes - Innen und Au\u00dfen sind eng miteinander verwoben, Begegnung wird zur Architektur. Diese Folge beleuchtet, wie vision\u00e4re Ideen im Bauwerk Gestalt annahmen und den Gemeinschaftsgedanken bis heute pr\u00e4gen. <\/div>\n                <div class=\"stu-podcast-list__item__mp3\"><audio controls class=\"podcast-audio\"><source src=\"https:\/\/www.studentendorf.berlin\/wp-content\/uploads\/2024\/11\/230515_StdS_Station03_de_v5_Architektur.mp3\" type=\"audio\/mpeg\"><\/audio><\/div>\n            <\/div>\n        <\/div>\n    <\/li><li class=\"stu-podcast-list__item\" id=\"folge-4-genossenschaftswesen\">\n        <div class=\"stu-podcast-list__item__inside\">\n            <h3 title=\"folge-4-genossenschaftswesen\"><a href=\"#folge-4-genossenschaftswesen\">Folge 4: Genossenschaftswesen<\/a><\/h3>\n            <div class=\"stu-podcast-list__item__image\"><img decoding=\"async\" src=\"https:\/\/www.studentendorf.berlin\/wp-content\/uploads\/2024\/12\/4-Genossenschaftswesen-Foto-StdS.jpg\" alt=\"\"><\/div>\n            <div class=\"stu-podcast-list__item__content\">\n                <div class=\"stu-podcast-list__item__text\">In dieser Folge tauchen wir ein in das Wesen einer Genossenschaft und beleuchten, wie sie im Studentendorf Schlachtensee gelebt wird. Genossenschaftliches Wirtschaften f\u00f6rdert Solidarit\u00e4t, Mitbestimmung und eine faire Verteilung der Ressourcen. Es vereint \u00f6konomische Stabilit\u00e4t mit sozialem Engagement und schafft nachhaltige Strukturen. Erfahrt, warum Genossenschaften nicht nur f\u00fcr das Studentendorf, sondern als Wirtschaftsmodell insgesamt von Vorteil sind. Dabei spielen die studentischen Tutor*innen eine wichtige Rolle und tragen zur lebendigen Gemeinschaft in unseren D\u00f6rfern bei.<\/div>\n                <div class=\"stu-podcast-list__item__mp3\"><audio controls class=\"podcast-audio\"><source src=\"https:\/\/www.studentendorf.berlin\/wp-content\/uploads\/2024\/11\/004_Podcast_Studentendorf_Schlachtensee_Station4_Genossenschaft_DE.mp3\" type=\"audio\/mpeg\"><\/audio><\/div>\n            <\/div>\n        <\/div>\n    <\/li><li class=\"stu-podcast-list__item\" id=\"folge-5-das-ehemalige-ns-zwangsarbeiterlager-auf-dem-gelaende-des-studentendorfes-schlachtensee\">\n        <div class=\"stu-podcast-list__item__inside\">\n            <h3 title=\"folge-5-das-ehemalige-ns-zwangsarbeiterlager-auf-dem-gelaende-des-studentendorfes-schlachtensee\"><a href=\"#folge-5-das-ehemalige-ns-zwangsarbeiterlager-auf-dem-gelaende-des-studentendorfes-schlachtensee\">Folge 5: Das ehemalige NS-Zwangsarbeiterlager auf dem Gel\u00e4nde des Studentendorfes Schlachtensee<\/a><\/h3>\n            <div class=\"stu-podcast-list__item__image\"><img decoding=\"async\" src=\"https:\/\/www.studentendorf.berlin\/wp-content\/uploads\/2025\/09\/1943schlachtensee-passend.jpg\" alt=\"\"><\/div>\n            <div class=\"stu-podcast-list__item__content\">\n                <div class=\"stu-podcast-list__item__text\">Die f\u00fcnfte Folge widmet sich dem dunkelsten Kapitel in der Geschichte des Gel\u00e4ndes. Dort, wo heute das Studentendorf Schlachtensee steht, befand sich in den 1940er Jahren ein NS-Zwangsarbeiterlager \u2013 eines von rund 3.000 in Berlin, in denen \u00fcber 400.000 Menschen unter unmenschlichen Bedingungen leben und arbeiten mussten. Erfahren Sie, wie die Genossenschaft heute nach Spuren dieser Vergangenheit sucht und das Andenken an die Opfer bewahrt.\r\n<\/div>\n                <div class=\"stu-podcast-list__item__mp3\"><audio controls class=\"podcast-audio\"><source src=\"https:\/\/www.studentendorf.berlin\/wp-content\/uploads\/2025\/09\/Podcast_Studentendorf_Schlachtensee_EP05_DE_250718.mp3\" type=\"audio\/mpeg\"><\/audio><\/div>\n            <\/div>\n        <\/div>\n    <\/li>\n        <\/ul>\n        <\/div>\n    <\/article>\n\n\n","protected":false},"excerpt":{"rendered":"<p>Tauchen Sie ein in die Geschichte und Architektur dieses einzigartigen Ortes. Als nationales Kulturdenkmal spiegelt das Dorf die Lebenswelten mehrerer Studierenden-Generationen und erz\u00e4hlt als Ort deutscher Demokratiegeschichte zugleich ein St\u00fcck deutscher Geschichte. Entdecken Sie, wie an diesem Ort Geschichte, Architektur und Gemeinschaft auf besondere Weise zusammenfinden. Viel Freude beim H\u00f6ren!<\/p>\n","protected":false},"author":16,"featured_media":0,"parent":0,"menu_order":0,"comment_status":"closed","ping_status":"closed","template":"page-column.php","meta":{"_acf_changed":false,"footnotes":""},"class_list":["post-88628","page","type-page","status-publish","hentry"],"acf":[],"_links":{"self":[{"href":"https:\/\/www.studentendorf.berlin\/de\/wp-json\/wp\/v2\/pages\/88628","targetHints":{"allow":["GET"]}}],"collection":[{"href":"https:\/\/www.studentendorf.berlin\/de\/wp-json\/wp\/v2\/pages"}],"about":[{"href":"https:\/\/www.studentendorf.berlin\/de\/wp-json\/wp\/v2\/types\/page"}],"author":[{"embeddable":true,"href":"https:\/\/www.studentendorf.berlin\/de\/wp-json\/wp\/v2\/users\/16"}],"replies":[{"embeddable":true,"href":"https:\/\/www.studentendorf.berlin\/de\/wp-json\/wp\/v2\/comments?post=88628"}],"version-history":[{"count":6,"href":"https:\/\/www.studentendorf.berlin\/de\/wp-json\/wp\/v2\/pages\/88628\/revisions"}],"predecessor-version":[{"id":88755,"href":"https:\/\/www.studentendorf.berlin\/de\/wp-json\/wp\/v2\/pages\/88628\/revisions\/88755"}],"wp:attachment":[{"href":"https:\/\/www.studentendorf.berlin\/de\/wp-json\/wp\/v2\/media?parent=88628"}],"curies":[{"name":"wp","href":"https:\/\/api.w.org\/{rel}","templated":true}]}}