{"id":6846,"date":"2021-02-01T13:46:37","date_gmt":"2021-02-01T11:46:37","guid":{"rendered":"https:\/\/www.studentendorf.berlin\/?page_id=6846"},"modified":"2021-08-10T19:11:03","modified_gmt":"2021-08-10T17:11:03","slug":"corona-hilfen","status":"publish","type":"page","link":"https:\/\/www.studentendorf.berlin\/de\/corona-hilfen\/","title":{"rendered":"Corona-Hilfen"},"content":{"rendered":"<p>Die Pandemie schlaucht. Studentische Aushilfsjobs fallen weg, das Geld wird knapp. Univorlesungen, \u00a0Freund*innen treffen, all das gibt\u2019s grade nur per Zoom. Das kann schnell an die Substanz gehen.\u00a0<span style=\"font-size: 1.8rem;\">Brauchst du Unterst\u00fctzung und Hilfe? Hier findest du sie. Denn: we are all in this together!<\/span><\/p>\n<p><span style=\"font-size: 1.8rem;\">Das Vermietungsteam des Studentendorfs bietet eine Zoom-Sprechstunde an, dort k\u00f6nnt ihr \u00fcber eure Sorgen und N\u00f6te sprechen. Schickt eine Mail an <strong>schlachtensee@studentendorf.berlin<\/strong> und schreibt am besten \u201eZoom-Sprechstunde\u201c in die Betreffzeile.<\/span><\/p>\n<p>&nbsp;<\/p>\n<p>Das Studierendenwerk Berlin bietet verschiedene Hilfsangebote.<\/p>\n<p><span style=\"font-size: 1.8rem;\"><br \/>\nEs gibt eine\u00a0\u00a0 psychologische Beratung:<\/span><\/p>\n<p><a href=\"https:\/\/www.stw.berlin\/beratung\/psychologische-beratung.html\">www.stw.berlin\/beratung\/psychologische-beratung<\/a><br \/>\nZum Thema Studienfinanzierung wirst du hier f\u00fcndig:<\/p>\n<p><a href=\"http:\/\/www.stw.berlin\/sozialberatung\">www.stw.berlin\/sozialberatung<\/a><\/p>\n<p><a href=\"http:\/\/www.stw.berlin\/zuschuss\">www.stw.berlin\/zuschuss<\/a><\/p>\n<p><a href=\"http:\/\/www.stw.berlin\/technikfonds\">www.stw.berlin\/technikfonds<\/a><\/p>\n<p><a href=\"https:\/\/www.stw.berlin\/beratung\/themen\/%C3%BCberbr%C3%BCckungshilfe-des-bundes.html\">www.stw.berlin\/beratung\/themen\/\u00fcberbr\u00fcckungshilfe-des-bundes<\/a><\/p>\n<p>Hilfe beim akademischen Schreiben sowie Trainings zum Online-Studium:<\/p>\n<p><a href=\"https:\/\/www.stw.berlin\/beratung\/schreibberatung.html\">www.stw.berlin\/beratung\/schreibberatung<\/a> und <a href=\"http:\/\/www.stw.berlin\/trainings\">www.stw.berlin\/trainings<\/a><\/p>\n<p>Die Humboldt-Universit\u00e4t Berlin bietet Onlineberatung an:<\/p>\n<p>Zum Thema\u00a0 Studienfinanzierung:<\/p>\n<p><a href=\"https:\/\/www.hu-berlin.de\/de\/studium\/beratung\/online\">https:\/\/www.hu-berlin.de\/de\/studium\/beratung\/online<\/a><\/p>\n<p>Die psychologische Beratungsstelle ist hier zu finden:<\/p>\n<p><a href=\"https:\/\/www.hu-berlin.de\/de\/studium\/beratung\/psyber\">https:\/\/www.hu-berlin.de\/de\/studium\/beratung\/psyber<\/a><\/p>\n<p>\u00dcber finanzielle Unterst\u00fctzung in Corona-Zeiten kannst du dich hier informieren:<\/p>\n<p><a href=\"https:\/\/www.hu-berlin.de\/de\/pr\/coronavirus-informationen\/faq-studierende\/studierende#%E2%80%9EFonds%20zur%20Teilhabe%20am%20Online-Campus%22%20(Technikfonds)\">https:\/\/www.hu-berlin.de\/de\/pr\/coronavirus-informationen\/faq-studierende\/studierende#%E2%80%9EFonds%20zur%20Teilhabe%20am%20Online-Campus%22%20(Technikfonds)<\/a><\/p>\n<p>Die Universit\u00e4t Potsdam bietet eine psychologische Beratung, auch speziell f\u00fcr ausl\u00e4ndische Studierende, an:<\/p>\n<p><a href=\"https:\/\/www.uni-potsdam.de\/de\/studium\/beratung\/psychologische-beratung\">https:\/\/www.uni-potsdam.de\/de\/studium\/beratung\/psychologische-beratung<\/a><\/p>\n<p>Es gibt auch ein Zuh\u00f6rtelefon, um Sorgen und \u00c4ngste loszuwerden:<\/p>\n<p><a href=\"http:\/\/nightline-potsdam.de\/\">http:\/\/nightline-potsdam.de\/<\/a><\/p>\n<p>Allgemeine Hinweise zum Umgang mit der Corona-Pandemie f\u00fcr Studierende der Freien Universit\u00e4t Berlin, beispielsweise Pr\u00fcfungsbedingungen und Abgabefristen, findest du hier:<\/p>\n<p><a href=\"https:\/\/www.fu-berlin.de\/sites\/coronavirus\/index.html\">https:\/\/www.fu-berlin.de\/sites\/coronavirus\/index.html<\/a><\/p>\n<p>Die FU bietet auch telefonisch eine psychologische Einzelberatung an:<\/p>\n<p><a href=\"https:\/\/www.fu-berlin.de\/sites\/studienberatung\/psychologische_beratung\/persoenliche-einzelberatung\/index.html\">https:\/\/www.fu-berlin.de\/sites\/studienberatung\/psychologische_beratung\/persoenliche-einzelberatung\/index.html<\/a><\/p>\n<p>\u2026 und ein paar Tipps zur Selbstf\u00fcrsorge in der gegenw\u00e4rtigen belastenden Pandemie-Situation:<\/p>\n<p><a href=\"https:\/\/www.fu-berlin.de\/sites\/studienberatung\/psychologische_beratung\/psychologische-tipps-corona\/index.html\">https:\/\/www.fu-berlin.de\/sites\/studienberatung\/psychologische_beratung\/psychologische-tipps-corona\/index.html<\/a><\/p>\n<p>Bleib fit im Home office \u2013 mit folgenden kostenfreien Sportangeboten:<\/p>\n<p><a href=\"https:\/\/www.buchsys.de\/fu-berlin\/angebote\/aktueller_zeitraum\/_Pausenexpress___HOME.html?fbclid=IwAR3ssrWxdtSKQEkwczm7pyhrBX6Qqd8eoCAQoeZ824FyHwwR6V9GuDOQn28\">https:\/\/www.buchsys.de\/fu-berlin\/angebote\/aktueller_zeitraum\/_Pausenexpress___HOME.html?fbclid=IwAR3ssrWxdtSKQEkwczm7pyhrBX6Qqd8eoCAQoeZ824FyHwwR6V9GuDOQn28<\/a><\/p>\n<p>Oder suche dir deinen eigenen passenden Workout-Channel aus:<\/p>\n<p><a href=\"https:\/\/www.hochschulsport.fu-berlin.de\/ressourcen\/Seiten\/Workouts.html\">https:\/\/www.hochschulsport.fu-berlin.de\/ressourcen\/Seiten\/Workouts.html<\/a><\/p>\n<p>Eine gute Lauf-App ist die kostenlose adidas Running App Runtastic, zu finden in jedem App Store.<br \/>\nDu hast in diesen Zeiten besonders wenig Geld zur Verf\u00fcgung?\u00a0 Mit der kostenlosen <strong>App Too Good To Go<\/strong> (in jedem App-Store zu finden) kannst du Lebensmittel retten. Restaurants und Superm\u00e4rkte\/B\u00e4cker in deiner Gegend bieten via App ihre Ware f\u00fcr kleines Geld zum Abholen an.<\/p>\n<p>Hier gibt\u2019s wertvolle Tipps, wie du die derzeit belastende Pandemie-Situation besser \u00fcberstehst:<br \/>\n<a href=\"https:\/\/www.mentalhealth.org.uk\/coronavirus\/mental-health-tips\">https:\/\/www.mentalhealth.org.uk\/coronavirus\/mental-health-tips<\/a><\/p>\n<p>und:<\/p>\n<p><a href=\"https:\/\/www.cdc.gov\/coronavirus\/2019-ncov\/daily-life-coping\/managing-stress-anxiety.html?CDC_AA_refVal=https%3A%2F%2Fwww.cdc.gov%2Fcoronavirus%2F2019-ncov%2Fprepare%2Fmanaging-stress-anxiety.html\">https:\/\/www.cdc.gov\/coronavirus\/2019-ncov\/daily-life-coping\/managing-stress-anxiety.html?CDC_AA_refVal=https%3A%2F%2Fwww.cdc.gov%2Fcoronavirus%2F2019-ncov%2Fprepare%2Fmanaging-stress-anxiety.html<\/a><\/p>\n<p><span style=\"font-size: 1.8rem;\"><br \/>\nAllgemeine Anlaufstellen<\/span><span style=\"font-size: 1.8rem;\">, um Hilfe zu finden:<\/span><\/p>\n<p>F\u00fcr an Depression erkrankte Menschen w\u00e4hrend der Corona-Krise:<\/p>\n<p><a href=\"https:\/\/www.deutsche-depressionshilfe.de\/corona\">https:\/\/www.deutsche-depressionshilfe.de\/corona<\/a><\/p>\n<p>Zu den Auswirkungen des Corona-Virus auf das Leben von LSBTIQ+:<\/p>\n<p>https:\/\/www.lsvd.de\/de\/ct\/2067-Corona-Auswirkungen-auf-Lesben-Schwule-Bisexuelle-trans-und-intergeschlechtliche-Menschen<\/p>\n<p>Hilfe bei Gewalt gegen Frauen:<\/p>\n<p><a href=\"https:\/\/www.hilfetelefon.de\/\">https:\/\/www.hilfetelefon.de\/<\/a><\/p>\n<p><a href=\"https:\/\/www.berliner-krisendienst.de\/en\/\">https:\/\/www.berliner-krisendienst.de\/en\/<\/a><br \/>\n<span style=\"font-size: 1.8rem;\">\u00a0<\/span><\/p>\n<p><span style=\"font-size: 1.8rem;\">\u00a0<\/span><\/p>\n<p>&nbsp;<\/p>\n","protected":false},"excerpt":{"rendered":"<p>Die Pandemie schlaucht. Studentische Aushilfsjobs fallen weg, das Geld wird knapp. Univorlesungen, \u00a0Freund*innen treffen, all das gibt\u2019s grade nur per Zoom. Das kann schnell an die Substanz gehen.\u00a0Brauchst du Unterst\u00fctzung und Hilfe? Hier findest du sie. Denn: we are all in this together! Das Vermietungsteam des Studentendorfs bietet eine Zoom-Sprechstunde an, dort k\u00f6nnt ihr \u00fcber [&hellip;]<\/p>\n","protected":false},"author":4,"featured_media":0,"parent":0,"menu_order":0,"comment_status":"closed","ping_status":"closed","template":"","meta":{"_acf_changed":false,"footnotes":""},"class_list":["post-6846","page","type-page","status-publish","hentry"],"acf":[],"_links":{"self":[{"href":"https:\/\/www.studentendorf.berlin\/de\/wp-json\/wp\/v2\/pages\/6846","targetHints":{"allow":["GET"]}}],"collection":[{"href":"https:\/\/www.studentendorf.berlin\/de\/wp-json\/wp\/v2\/pages"}],"about":[{"href":"https:\/\/www.studentendorf.berlin\/de\/wp-json\/wp\/v2\/types\/page"}],"author":[{"embeddable":true,"href":"https:\/\/www.studentendorf.berlin\/de\/wp-json\/wp\/v2\/users\/4"}],"replies":[{"embeddable":true,"href":"https:\/\/www.studentendorf.berlin\/de\/wp-json\/wp\/v2\/comments?post=6846"}],"version-history":[{"count":21,"href":"https:\/\/www.studentendorf.berlin\/de\/wp-json\/wp\/v2\/pages\/6846\/revisions"}],"predecessor-version":[{"id":9932,"href":"https:\/\/www.studentendorf.berlin\/de\/wp-json\/wp\/v2\/pages\/6846\/revisions\/9932"}],"wp:attachment":[{"href":"https:\/\/www.studentendorf.berlin\/de\/wp-json\/wp\/v2\/media?parent=6846"}],"curies":[{"name":"wp","href":"https:\/\/api.w.org\/{rel}","templated":true}]}}