{"id":377,"date":"2018-07-04T15:25:29","date_gmt":"2018-07-04T15:25:29","guid":{"rendered":"http:www.studentendorf.berlin\/?page_id=377\/"},"modified":"2024-11-12T04:51:58","modified_gmt":"2024-11-12T02:51:58","slug":"impressum","status":"publish","type":"page","link":"https:\/\/www.studentendorf.berlin\/de\/impressum\/","title":{"rendered":"Impressum"},"content":{"rendered":"\n<p><strong>Verantwortlich f\u00fcr den Inhalt dieser Website:<\/strong><\/p>\n\n\n\n<p>Studentendorf Schlachtensee eG<br>Andreas Barz<br>Wasgenstr. 75<br>14129 Berlin<\/p>\n\n\n\n<p>Tel: 030 939 504 &#8211; 0<br>E-Mail:<a href=\"mailto:info@studentendorf.berlin\"> info@studentendorf.berlin<\/a><br><a href=\"https:\/\/www.studentendorf.berlin\">www.studentendorf.berlin<\/a><\/p>\n\n\n\n<p>Sitz der Gesellschaft: Berlin<br>Registergericht: Amtsgericht Berlin-Charlottenburg GnR 599 B<br>Pr\u00fcfungsverband: Pr\u00fcfungsverband der kleinen und mittelst\u00e4ndischen Genossenschaften e.V. (PkmG)<br>Vorstand: Andreas Barz (Vors.), Jens-Uwe K\u00f6hler<br>Aufsichtsratsvorsitzender: Mathias Stieb<\/p>\n\n\n\n<p>Dieses Impressum gilt auch f\u00fcr den&nbsp;<a href=\"https:\/\/www.facebook.com\/studentendorf.berlin\">Facebook Account Schlachtensee, <\/a><a href=\"https:\/\/www.facebook.com\/studentendorf.adlershof\/\">Facebook Account Adlershof<\/a> und den <a href=\"https:\/\/www.instagram.com\/studentendorf_bln\/\">Instagram account<\/a>.<\/p>\n\n\n\n<p><a href=\"https:\/\/dynamya.com\/de\">Technische Betreuung mit WordPress: DYNAMYA<\/a><\/p>\n","protected":false},"excerpt":{"rendered":"<p>Verantwortlich f\u00fcr den Inhalt dieser Website: Studentendorf Schlachtensee eGAndreas BarzWasgenstr. 7514129 Berlin Tel: 030 939 504 &#8211; 0E-Mail: info@studentendorf.berlinwww.studentendorf.berlin Sitz der Gesellschaft: BerlinRegistergericht: Amtsgericht Berlin-Charlottenburg GnR 599 BPr\u00fcfungsverband: Pr\u00fcfungsverband der kleinen und mittelst\u00e4ndischen Genossenschaften e.V. (PkmG)Vorstand: Andreas Barz (Vors.), Jens-Uwe K\u00f6hlerAufsichtsratsvorsitzender: Mathias Stieb Dieses Impressum gilt auch f\u00fcr den&nbsp;Facebook Account Schlachtensee, Facebook Account Adlershof und [&hellip;]<\/p>\n","protected":false},"author":3,"featured_media":0,"parent":0,"menu_order":6,"comment_status":"closed","ping_status":"closed","template":"","meta":{"_acf_changed":false,"footnotes":""},"class_list":["post-377","page","type-page","status-publish","hentry"],"acf":[],"_links":{"self":[{"href":"https:\/\/www.studentendorf.berlin\/de\/wp-json\/wp\/v2\/pages\/377","targetHints":{"allow":["GET"]}}],"collection":[{"href":"https:\/\/www.studentendorf.berlin\/de\/wp-json\/wp\/v2\/pages"}],"about":[{"href":"https:\/\/www.studentendorf.berlin\/de\/wp-json\/wp\/v2\/types\/page"}],"author":[{"embeddable":true,"href":"https:\/\/www.studentendorf.berlin\/de\/wp-json\/wp\/v2\/users\/3"}],"replies":[{"embeddable":true,"href":"https:\/\/www.studentendorf.berlin\/de\/wp-json\/wp\/v2\/comments?post=377"}],"version-history":[{"count":12,"href":"https:\/\/www.studentendorf.berlin\/de\/wp-json\/wp\/v2\/pages\/377\/revisions"}],"predecessor-version":[{"id":88660,"href":"https:\/\/www.studentendorf.berlin\/de\/wp-json\/wp\/v2\/pages\/377\/revisions\/88660"}],"wp:attachment":[{"href":"https:\/\/www.studentendorf.berlin\/de\/wp-json\/wp\/v2\/media?parent=377"}],"curies":[{"name":"wp","href":"https:\/\/api.w.org\/{rel}","templated":true}]}}